{"id":1395,"date":"2017-08-24T16:30:31","date_gmt":"2017-08-24T19:30:31","guid":{"rendered":"http:\/\/satya.com.br\/?page_id=1395"},"modified":"2017-10-25T09:14:14","modified_gmt":"2017-10-25T12:14:14","slug":"flux-bpl-portugues","status":"publish","type":"page","link":"https:\/\/satya.com.br\/?page_id=1395&lang=pt","title":{"rendered":"Flux BPL"},"content":{"rendered":"<p align=\"justify\"><span style=\"color: #000000;\"><b>Boas Pr\u00e1ticas de Laborat\u00f3rio (BPL) <\/b>constituem um conjunto de princ\u00edpios que asseguram a confiabilidade dos laudos emitidos por um dado laborat\u00f3rio e \u00e9 aplicado em estudos que dizem respeito ao uso seguro de produtos relacionados \u00e0 sa\u00fade humana, vegetal, animal e ao meio ambiente. Laborat\u00f3rios reconhecidos pela ades\u00e3o aos princ\u00edpios das <b>BPL<\/b> apresentam: <\/span><\/p>\n<ul>\n<li>\n<p align=\"justify\"><span style=\"color: #000000;\">Maior confiabilidade, rastreabilidade e consist\u00eancia<\/span><\/p>\n<\/li>\n<li>\n<p align=\"justify\"><span style=\"color: #000000;\">Ger\u00eancia participativa<\/span><\/p>\n<\/li>\n<li>\n<p align=\"justify\"><span style=\"color: #000000;\">Garantia da qualidade<\/span><\/p>\n<\/li>\n<li>\n<p align=\"justify\"><span style=\"color: #000000;\">Ger\u00eancia de processos<\/span><\/p>\n<\/li>\n<li>\n<p align=\"justify\"><span style=\"color: #000000;\">Dissemina\u00e7\u00e3o de informa\u00e7\u00f5es<\/span><\/p>\n<\/li>\n<li>\n<p align=\"justify\"><span style=\"color: #000000;\">N\u00e3o aceita\u00e7\u00e3o de erros<\/span><\/p>\n<\/li>\n<\/ul>\n<p align=\"justify\"><span style=\"color: #000000;\">Laborat\u00f3rios reconhecidos pela ades\u00e3o aos princ\u00edpios <b>BPL <\/b>al\u00e9m de possuir v\u00e1rios benef\u00edcios oriundos de um sistema de qualidade estruturado, ainda s\u00e3o bem vistos pelas ag\u00eancias reguladoras. <\/span><\/p>\n<p align=\"justify\"><span style=\"color: #000000;\">O sistema <b>Flux-BPL <\/b>\u00e9 composto por formul\u00e1rios eletr\u00f4nicos de gerenciamento de dados condizentes com os princ\u00edpios <b>BPL<\/b> que s\u00e3o extensivos a diversos laborat\u00f3rios. <\/span><\/p>\n<p align=\"justify\"><span style=\"color: #000000;\">Os formul\u00e1rios de gerenciamento que comp\u00f5em o <b>Flux-BPL<\/b> s\u00e3o:<\/span><\/p>\n<ul>\n<li>\n<p align=\"justify\"><span style=\"color: #000000;\"><b>Equipamentos:<\/b> Permite registrar informa\u00e7\u00f5es detalhadas de cada equipamento, al\u00e9m de proporcionar o gerenciamento de manuten\u00e7\u00f5es, limpezas, calibra\u00e7\u00f5es, utiliza\u00e7\u00f5es, dentre outros. <\/span><\/p>\n<\/li>\n<\/ul>\n<ul>\n<li>\n<p align=\"justify\"><span style=\"color: #000000;\"><b>Equipes e Responsabilidades:<\/b> Permite registrar informa\u00e7\u00f5es sobre a equipe envolvida no trabalho. Al\u00e9m dos dados pessoais de cada indiv\u00edduo, tamb\u00e9m podem ser registradas informa\u00e7\u00f5es como forma\u00e7\u00e3o acad\u00eamica, curr\u00edculo, fun\u00e7\u00f5es e responsabilidades, aptid\u00f5es, qualifica\u00e7\u00e3o, dentre outros.<\/span><\/p>\n<\/li>\n<\/ul>\n<ul>\n<li>\n<p align=\"justify\"><span style=\"color: #000000;\"><b>Procedimentos Operacionais Padr\u00e3o (POP):<\/b> Permite o gerenciamento de POPs, possibilitando a entrada de novos documentos e sua aprova\u00e7\u00e3o. As pessoas autorizadas poder\u00e3o gerenciar cadastros e revis\u00f5es destes documentos, que ficam salvos em um hist\u00f3rico de f\u00e1cil visualiza\u00e7\u00e3o.<\/span><\/p>\n<\/li>\n<\/ul>\n<ul>\n<li>\n<p align=\"justify\"><span style=\"color: #000000;\"><b>Subst\u00e2ncia Teste e de Refer\u00eancia:<\/b> Permite o gerenciamento de subst\u00e2ncias testes e de refer\u00eancia. S\u00e3o mantidos registros incluindo a caracteriza\u00e7\u00e3o da subst\u00e2ncia, data de recebimento, armazenamento, utiliza\u00e7\u00e3o, dentre outros.<\/span><\/p>\n<\/li>\n<li>\n<p align=\"justify\"><span style=\"color: #000000;\"><b>Plano de Estudo: <\/b>Permite o armazenamento de informa\u00e7\u00f5es que devem ser inseridas antes, durante e ap\u00f3s um estudo. Podem ser armazenadas informa\u00e7\u00f5es relativas a datas, patrocinador, m\u00e9todos, locais de experimentos, resultados, altera\u00e7\u00f5es (desvios e ementas), avalia\u00e7\u00e3o final, dentre outros.<\/span><\/p>\n<\/li>\n<li>\n<p align=\"justify\"><span style=\"color: #000000;\"><b>Sistema Teste: <\/b>Permite o gerenciamento de informa\u00e7\u00f5es sobre o sistema utilizado para os testes seja animal, planta ou outro sistema celular, subcelular, qu\u00edmico ou f\u00edsico ou a combina\u00e7\u00e3o destes, que s\u00e3o definidos como objeto de estudo. S\u00e3o mantidos registros de proced\u00eancia, condi\u00e7\u00f5es, data de chegada ao laborat\u00f3rio, dentre outros.<\/span><\/p>\n<\/li>\n<\/ul>\n<p><img fetchpriority=\"high\" decoding=\"async\" class=\"wp-image-1561 aligncenter\" src=\"http:\/\/satya.com.br\/wp-content\/uploads\/2017\/08\/bpl-equipamentos-300x154.png\" alt=\"\" width=\"656\" height=\"337\" srcset=\"https:\/\/satya.com.br\/wp-content\/uploads\/2017\/08\/bpl-equipamentos-300x154.png 300w, https:\/\/satya.com.br\/wp-content\/uploads\/2017\/08\/bpl-equipamentos-768x395.png 768w, https:\/\/satya.com.br\/wp-content\/uploads\/2017\/08\/bpl-equipamentos-1024x526.png 1024w, https:\/\/satya.com.br\/wp-content\/uploads\/2017\/08\/bpl-equipamentos.png 1288w\" sizes=\"(max-width: 656px) 100vw, 656px\" \/><\/p>\n<p>&nbsp;<br \/>\n&nbsp;<\/p>\n<p><img decoding=\"async\" class=\"wp-image-1562 aligncenter\" src=\"http:\/\/satya.com.br\/wp-content\/uploads\/2017\/08\/bpl-equipamentos-2-300x155.png\" alt=\"\" width=\"645\" height=\"334\" srcset=\"https:\/\/satya.com.br\/wp-content\/uploads\/2017\/08\/bpl-equipamentos-2-300x155.png 300w, https:\/\/satya.com.br\/wp-content\/uploads\/2017\/08\/bpl-equipamentos-2-768x397.png 768w, https:\/\/satya.com.br\/wp-content\/uploads\/2017\/08\/bpl-equipamentos-2-1024x529.png 1024w, https:\/\/satya.com.br\/wp-content\/uploads\/2017\/08\/bpl-equipamentos-2.png 1291w\" sizes=\"(max-width: 645px) 100vw, 645px\" \/><\/p>\n","protected":false},"excerpt":{"rendered":"Boas Pr\u00e1ticas de Laborat\u00f3rio (BPL) constituem um conjunto de princ\u00edpios que asseguram a confiabilidade dos laudos emitidos por um dado laborat\u00f3rio e \u00e9 aplicado em estudos que dizem respeito ao uso seguro de produtos relacionados \u00e0 sa\u00fade humana, vegetal, animal e ao meio ambiente. Laborat\u00f3rios reconhecidos pela ades\u00e3o aos princ\u00edpios das BPL apresentam: Maior confiabilidade,","protected":false},"author":3,"featured_media":0,"parent":0,"menu_order":0,"comment_status":"closed","ping_status":"closed","template":"","meta":{"footnotes":""},"class_list":["post-1395","page","type-page","status-publish","hentry"],"_links":{"self":[{"href":"https:\/\/satya.com.br\/index.php?rest_route=\/wp\/v2\/pages\/1395","targetHints":{"allow":["GET"]}}],"collection":[{"href":"https:\/\/satya.com.br\/index.php?rest_route=\/wp\/v2\/pages"}],"about":[{"href":"https:\/\/satya.com.br\/index.php?rest_route=\/wp\/v2\/types\/page"}],"author":[{"embeddable":true,"href":"https:\/\/satya.com.br\/index.php?rest_route=\/wp\/v2\/users\/3"}],"replies":[{"embeddable":true,"href":"https:\/\/satya.com.br\/index.php?rest_route=%2Fwp%2Fv2%2Fcomments&post=1395"}],"version-history":[{"count":24,"href":"https:\/\/satya.com.br\/index.php?rest_route=\/wp\/v2\/pages\/1395\/revisions"}],"predecessor-version":[{"id":1575,"href":"https:\/\/satya.com.br\/index.php?rest_route=\/wp\/v2\/pages\/1395\/revisions\/1575"}],"wp:attachment":[{"href":"https:\/\/satya.com.br\/index.php?rest_route=%2Fwp%2Fv2%2Fmedia&parent=1395"}],"curies":[{"name":"wp","href":"https:\/\/api.w.org\/{rel}","templated":true}]}}