{"id":1401,"date":"2017-08-24T16:33:38","date_gmt":"2017-08-24T19:33:38","guid":{"rendered":"http:\/\/satya.com.br\/?page_id=1401"},"modified":"2017-08-31T15:43:47","modified_gmt":"2017-08-31T18:43:47","slug":"minetrack-portugues","status":"publish","type":"page","link":"https:\/\/satya.com.br\/?page_id=1401&lang=pt","title":{"rendered":"Minetrack"},"content":{"rendered":"<p lang=\"en-US\" align=\"justify\"><span style=\"color: #000000;\"><b>Minetrack<\/b> \u00e9 um sistema de despacho. Seu objetivo \u00e9 monitorar uma mina, f\u00e1brica ou outro ambiente industrial. O sistema decide quais agentes executar\u00e3o quais opera\u00e7\u00f5es em cada local, com a finalidade de maximizar a produ\u00e7\u00e3o da f\u00e1brica. Por exemplo, em uma mina o sistema de despacho obt\u00e9m informa\u00e7\u00f5es sobre todos os caminh\u00f5es e escavadeiras, qual \u00e9 sua tarefa atual, em que estado ele se encontra, qual sua carga, destino, tempo esperado de chegada entre outros. O sistema de despacho \u00e9 tamb\u00e9m capaz de planejar suas pr\u00f3ximas tarefas (por exemplo, para qual escavadeira um caminh\u00e3o deve se dirigir) de forma a maximizar a produ\u00e7\u00e3o da mina. O sistema foi desenvolvido em parceria com a SEVA Engenharia.<\/span><\/p>\n<p><span style=\"color: #000000;\"><b>Minetrack<\/b> permite acesso e manipula\u00e7\u00e3o f\u00e1cil por navegador <i>web<\/i> de qualquer computador ou tablet.<\/span><\/p>\n<p><img decoding=\"async\" class=\"alignnone size-medium wp-image-496 aligncenter\" src=\"http:\/\/satya.com.br\/wp-content\/uploads\/2016\/05\/browsers-300x56.png\" alt=\"browsers\" width=\"300\" height=\"56\" srcset=\"https:\/\/satya.com.br\/wp-content\/uploads\/2016\/05\/browsers-300x56.png 300w, https:\/\/satya.com.br\/wp-content\/uploads\/2016\/05\/browsers-768x145.png 768w, https:\/\/satya.com.br\/wp-content\/uploads\/2016\/05\/browsers.png 967w\" sizes=\"(max-width: 300px) 100vw, 300px\" \/><\/p>\n<p><img fetchpriority=\"high\" decoding=\"async\" class=\"wp-image-1441 aligncenter\" src=\"http:\/\/satya.com.br\/wp-content\/uploads\/2017\/08\/Screenshot-from-2017-08-28-13-02-42-300x154.png\" alt=\"\" width=\"612\" height=\"314\" srcset=\"https:\/\/satya.com.br\/wp-content\/uploads\/2017\/08\/Screenshot-from-2017-08-28-13-02-42-300x154.png 300w, https:\/\/satya.com.br\/wp-content\/uploads\/2017\/08\/Screenshot-from-2017-08-28-13-02-42-768x394.png 768w, https:\/\/satya.com.br\/wp-content\/uploads\/2017\/08\/Screenshot-from-2017-08-28-13-02-42-1024x526.png 1024w, https:\/\/satya.com.br\/wp-content\/uploads\/2017\/08\/Screenshot-from-2017-08-28-13-02-42.png 1301w\" sizes=\"(max-width: 612px) 100vw, 612px\" \/><\/p>\n<p><img decoding=\"async\" class=\"wp-image-1442 aligncenter\" src=\"http:\/\/satya.com.br\/wp-content\/uploads\/2017\/08\/Screenshot-from-2017-08-28-13-12-28-300x155.png\" alt=\"\" width=\"610\" height=\"315\" srcset=\"https:\/\/satya.com.br\/wp-content\/uploads\/2017\/08\/Screenshot-from-2017-08-28-13-12-28-300x155.png 300w, https:\/\/satya.com.br\/wp-content\/uploads\/2017\/08\/Screenshot-from-2017-08-28-13-12-28-768x398.png 768w, https:\/\/satya.com.br\/wp-content\/uploads\/2017\/08\/Screenshot-from-2017-08-28-13-12-28-1024x530.png 1024w, https:\/\/satya.com.br\/wp-content\/uploads\/2017\/08\/Screenshot-from-2017-08-28-13-12-28.png 1294w\" sizes=\"(max-width: 610px) 100vw, 610px\" \/><\/p>\n<p><img loading=\"lazy\" decoding=\"async\" class=\" wp-image-1443 aligncenter\" src=\"http:\/\/satya.com.br\/wp-content\/uploads\/2017\/08\/Screenshot-from-2017-08-28-13-14-18-300x156.png\" alt=\"\" width=\"610\" height=\"317\" srcset=\"https:\/\/satya.com.br\/wp-content\/uploads\/2017\/08\/Screenshot-from-2017-08-28-13-14-18-300x156.png 300w, https:\/\/satya.com.br\/wp-content\/uploads\/2017\/08\/Screenshot-from-2017-08-28-13-14-18-768x399.png 768w, https:\/\/satya.com.br\/wp-content\/uploads\/2017\/08\/Screenshot-from-2017-08-28-13-14-18-1024x532.png 1024w, https:\/\/satya.com.br\/wp-content\/uploads\/2017\/08\/Screenshot-from-2017-08-28-13-14-18.png 1279w\" sizes=\"(max-width: 610px) 100vw, 610px\" \/><\/p>\n<p>&nbsp;<\/p>\n<p>&nbsp;<\/p>\n","protected":false},"excerpt":{"rendered":"Minetrack \u00e9 um sistema de despacho. Seu objetivo \u00e9 monitorar uma mina, f\u00e1brica ou outro ambiente industrial. O sistema decide quais agentes executar\u00e3o quais opera\u00e7\u00f5es em cada local, com a finalidade de maximizar a produ\u00e7\u00e3o da f\u00e1brica. Por exemplo, em uma mina o sistema de despacho obt\u00e9m informa\u00e7\u00f5es sobre todos os caminh\u00f5es e escavadeiras, qual","protected":false},"author":3,"featured_media":0,"parent":0,"menu_order":0,"comment_status":"closed","ping_status":"closed","template":"","meta":{"footnotes":""},"class_list":["post-1401","page","type-page","status-publish","hentry"],"_links":{"self":[{"href":"https:\/\/satya.com.br\/index.php?rest_route=\/wp\/v2\/pages\/1401","targetHints":{"allow":["GET"]}}],"collection":[{"href":"https:\/\/satya.com.br\/index.php?rest_route=\/wp\/v2\/pages"}],"about":[{"href":"https:\/\/satya.com.br\/index.php?rest_route=\/wp\/v2\/types\/page"}],"author":[{"embeddable":true,"href":"https:\/\/satya.com.br\/index.php?rest_route=\/wp\/v2\/users\/3"}],"replies":[{"embeddable":true,"href":"https:\/\/satya.com.br\/index.php?rest_route=%2Fwp%2Fv2%2Fcomments&post=1401"}],"version-history":[{"count":9,"href":"https:\/\/satya.com.br\/index.php?rest_route=\/wp\/v2\/pages\/1401\/revisions"}],"predecessor-version":[{"id":1510,"href":"https:\/\/satya.com.br\/index.php?rest_route=\/wp\/v2\/pages\/1401\/revisions\/1510"}],"wp:attachment":[{"href":"https:\/\/satya.com.br\/index.php?rest_route=%2Fwp%2Fv2%2Fmedia&parent=1401"}],"curies":[{"name":"wp","href":"https:\/\/api.w.org\/{rel}","templated":true}]}}