{"id":1506,"date":"2017-08-31T15:38:07","date_gmt":"2017-08-31T18:38:07","guid":{"rendered":"http:\/\/satya.com.br\/?page_id=1506"},"modified":"2017-08-31T17:09:52","modified_gmt":"2017-08-31T20:09:52","slug":"flux-transgenicos","status":"publish","type":"page","link":"https:\/\/satya.com.br\/?page_id=1506&lang=pt","title":{"rendered":"Flux Transg\u00eanicos"},"content":{"rendered":"<p align=\"justify\"><strong>Flux Transg\u00eanico<\/strong><strong>s<\/strong> \u00e9 um sistema integrado de ger\u00eancia de dados de experimentos de produ\u00e7\u00e3o de organismos geneticamente modificados (OGM). O sistema apresenta uma solu\u00e7\u00e3o completa para a gest\u00e3o dos dados produzidos por laborat\u00f3rios que trabalham com OGM sendo capaz de rastrear todo o processo da produ\u00e7\u00e3o de OGMs, desde a inocula\u00e7\u00e3o das bact\u00e9rias at\u00e9 a produ\u00e7\u00e3o final do organismo de forma eficiente e compat\u00edvel com diferentes tipos de informa\u00e7\u00e3o.<\/p>\n","protected":false},"excerpt":{"rendered":"Flux Transg\u00eanicos \u00e9 um sistema integrado de ger\u00eancia de dados de experimentos de produ\u00e7\u00e3o de organismos geneticamente modificados (OGM). O sistema apresenta uma solu\u00e7\u00e3o completa para a gest\u00e3o dos dados produzidos por laborat\u00f3rios que trabalham com OGM sendo capaz de rastrear todo o processo da produ\u00e7\u00e3o de OGMs, desde a inocula\u00e7\u00e3o das bact\u00e9rias at\u00e9 a","protected":false},"author":3,"featured_media":0,"parent":521,"menu_order":0,"comment_status":"closed","ping_status":"closed","template":"","meta":{"footnotes":""},"class_list":["post-1506","page","type-page","status-publish","hentry"],"_links":{"self":[{"href":"https:\/\/satya.com.br\/index.php?rest_route=\/wp\/v2\/pages\/1506","targetHints":{"allow":["GET"]}}],"collection":[{"href":"https:\/\/satya.com.br\/index.php?rest_route=\/wp\/v2\/pages"}],"about":[{"href":"https:\/\/satya.com.br\/index.php?rest_route=\/wp\/v2\/types\/page"}],"author":[{"embeddable":true,"href":"https:\/\/satya.com.br\/index.php?rest_route=\/wp\/v2\/users\/3"}],"replies":[{"embeddable":true,"href":"https:\/\/satya.com.br\/index.php?rest_route=%2Fwp%2Fv2%2Fcomments&post=1506"}],"version-history":[{"count":2,"href":"https:\/\/satya.com.br\/index.php?rest_route=\/wp\/v2\/pages\/1506\/revisions"}],"predecessor-version":[{"id":1522,"href":"https:\/\/satya.com.br\/index.php?rest_route=\/wp\/v2\/pages\/1506\/revisions\/1522"}],"up":[{"embeddable":true,"href":"https:\/\/satya.com.br\/index.php?rest_route=\/wp\/v2\/pages\/521"}],"wp:attachment":[{"href":"https:\/\/satya.com.br\/index.php?rest_route=%2Fwp%2Fv2%2Fmedia&parent=1506"}],"curies":[{"name":"wp","href":"https:\/\/api.w.org\/{rel}","templated":true}]}}