{"id":1590,"date":"2017-12-05T10:14:59","date_gmt":"2017-12-05T13:14:59","guid":{"rendered":"http:\/\/satya.com.br\/?page_id=1590"},"modified":"2017-12-05T10:14:59","modified_gmt":"2017-12-05T13:14:59","slug":"fluxmed","status":"publish","type":"page","link":"https:\/\/satya.com.br\/?page_id=1590&lang=pt","title":{"rendered":"FluxMED"},"content":{"rendered":"<p><strong>FluxMED<\/strong> \u00e9 um sistema integrado de ger\u00eancia de dados m\u00e9dicos destinado a guardar informa\u00e7\u00f5es do paciente e do tratamento. O sistema permite o armazenamento e gerenciamento de dados desde a primeira consulta, incluindo adi\u00e7\u00e3o de imagens e resultados de exames. O <strong>FluxMED<\/strong> armazena o relacionamento causal entre as informa\u00e7\u00f5es auxiliando o profissional m\u00e9dico na defini\u00e7\u00e3o do diagn\u00f3stico. Al\u00e9m disto o sistema possui controle de acesso de forma a permitir a mais de um m\u00e9dico o acesso aos dados do paciente mas com as limita\u00e7\u00f5es impostas pelo respons\u00e1vel principal ou pelo pr\u00f3prio paciente se este assim o desejar. O <b>FluxMED<\/b> tamb\u00e9m permite a conex\u00e3o do sistema com bancos de dados online e programas de an\u00e1lise para verificar informa\u00e7\u00f5es adicionais se necess\u00e1rio.<\/p>\n","protected":false},"excerpt":{"rendered":"FluxMED \u00e9 um sistema integrado de ger\u00eancia de dados m\u00e9dicos destinado a guardar informa\u00e7\u00f5es do paciente e do tratamento. O sistema permite o armazenamento e gerenciamento de dados desde a primeira consulta, incluindo adi\u00e7\u00e3o de imagens e resultados de exames. O FluxMED armazena o relacionamento causal entre as informa\u00e7\u00f5es auxiliando o profissional m\u00e9dico na defini\u00e7\u00e3o","protected":false},"author":4,"featured_media":0,"parent":0,"menu_order":0,"comment_status":"closed","ping_status":"closed","template":"","meta":{"footnotes":""},"class_list":["post-1590","page","type-page","status-publish","hentry"],"_links":{"self":[{"href":"https:\/\/satya.com.br\/index.php?rest_route=\/wp\/v2\/pages\/1590","targetHints":{"allow":["GET"]}}],"collection":[{"href":"https:\/\/satya.com.br\/index.php?rest_route=\/wp\/v2\/pages"}],"about":[{"href":"https:\/\/satya.com.br\/index.php?rest_route=\/wp\/v2\/types\/page"}],"author":[{"embeddable":true,"href":"https:\/\/satya.com.br\/index.php?rest_route=\/wp\/v2\/users\/4"}],"replies":[{"embeddable":true,"href":"https:\/\/satya.com.br\/index.php?rest_route=%2Fwp%2Fv2%2Fcomments&post=1590"}],"version-history":[{"count":1,"href":"https:\/\/satya.com.br\/index.php?rest_route=\/wp\/v2\/pages\/1590\/revisions"}],"predecessor-version":[{"id":1591,"href":"https:\/\/satya.com.br\/index.php?rest_route=\/wp\/v2\/pages\/1590\/revisions\/1591"}],"wp:attachment":[{"href":"https:\/\/satya.com.br\/index.php?rest_route=%2Fwp%2Fv2%2Fmedia&parent=1590"}],"curies":[{"name":"wp","href":"https:\/\/api.w.org\/{rel}","templated":true}]}}