{"id":221,"date":"2016-05-24T17:11:47","date_gmt":"2016-05-24T20:11:47","guid":{"rendered":"http:\/\/satya.com.br\/?page_id=221"},"modified":"2021-02-11T11:33:11","modified_gmt":"2021-02-11T14:33:11","slug":"home","status":"publish","type":"page","link":"https:\/\/satya.com.br\/?page_id=221&lang=pt","title":{"rendered":"Home"},"content":{"rendered":"<div class=\"row row-edge  \" >\n<div class=\"col-md-12\">\n<p align=\"justify\">A <strong>Satya Sistemas<\/strong> \u00e9 uma empresa especializada no desenvolvimento de sistemas de ger\u00eancia de dados personalizados. Desenvolvemos sistemas de ger\u00eancia de dados voltados para as particularidades do n\u00e9gocio tais como gest\u00e3o ambiental, acredita\u00e7\u00e3o BPL, sistemas para laborat\u00f3rios de pesquisa (Laboratory Information Management Systems \u2013 <strong>LIMS<\/strong>) e outros. Sistemas de ger\u00eancia de dados s\u00e3o utilizados em diversas \u00e1reas e possuem caracter\u00edsticas espec\u00edficas que requerem uma customiza\u00e7\u00e3o detalhada e precisa. O desenvolvimento destes sistemas requer um trabalho cuidadoso de an\u00e1lise de sistemas e programa\u00e7\u00e3o para tratar de detalhes como o grande n\u00famero de etapas de cada processo, a complexidade de cada etapa, a necessidade de se utilizar medidas e padr\u00f5es espec\u00edficos da \u00e1rea, a conex\u00e3o autom\u00e1tica do sistema de ger\u00eancia com m\u00e1quinas de an\u00e1lise de dados. Assim, a<strong> Satya Sistemas<\/strong> desenvolve sistemas espec\u00edficos para atender as particularidades de cada processo utilizando tecnologias avan\u00e7adas e metodologias modernas de gerenciamento de dados. Entre os sistemas desenvolvidos pela <b>Satya Sistemas<\/b> est\u00e3o o <b>SISAMB<\/b>, um sistema de gest\u00e3o de licen\u00e7as ambientais, o <b>Flux-BPL<\/b> para apoio \u00e0 acredita\u00e7\u00e3o BPL, e o <b>Minetrack<\/b>, sistema de despacho para minas, em desenvolvimento conjunto com a SEVA Engenharia.<\/p>\n<\/div>\n<\/div>\n<div class=\"row row-edge  \" >\n<div class=\"col-md-12 col-xs-offset-0 col-sm-offset-0 col-md-offset-0 col-lg-offset-0 col-xs-pull-0 col-sm-pull-0 col-md-pull-0 col-lg-pull-0 col-xs-push-0 col-sm-push-0 col-md-push-0 col-lg-push-0\">\n<div class=\"title-box  motopress-margin-top-50 title_box-810\"><div class=\"title-box_content\"><h2 class=\"title-box_title\">Produtos<\/h2><\/div><\/div>\n<\/div>\n<\/div>\n<div class=\"row row-edge  \" >\n<div class=\"col-md-6 col-xs-offset-0 col-sm-offset-0 col-md-offset-0 col-lg-offset-0 col-xs-pull-0 col-sm-pull-0 col-md-pull-0 col-lg-pull-0 col-xs-push-0 col-sm-push-0 col-md-push-0 col-lg-push-0\">\n<div class=\"motopress-service-box-obj motopress-service-box-centered motopress-service-box-basic\">\n<div class=\"motopress-service-box-icon-section motopress-service-box-small-icon\"  style=\" padding-left: 0px; padding-right: 0px; padding-top: 0px; padding-bottom: 0px;\">\n<div class=\"motopress-service-box-icon-holder\"  style=\" font-size: 80px;\"><i class=\"fa fa-filter mp-text-color-aqua-blue\" ><\/i><\/div>\n<\/div>\n<div class=\"motopress-service-box-heading-section\">\n<h2>FLUX<\/h2>\n<\/div>\n<div class=\"motopress-service-box-content-section\">\n<p>O principal produto da Satya Sistemas \u00e9 a fam\u00edlia de LIMS chamada Flux\u00ae. Diversas especializa\u00e7\u00f5es do sistema Flux\u00ae existem para gerenciar tipos de experimentos diferentes e novas podem ser criadas rapidamente.<\/p>\n<\/div>\n<div class=\"motopress-service-box-button-section motopress-text-align-center\"><a href=\"http:\/\/satya.com.br\/?page_id=806&amp;lang=pt\" class=\"motopress-btn motopress-btn-size-middle motopress-btn-rounded\" rel=\"\"  style=\" color: #000000;\">SAIBA MAIS<\/a><\/div>\n<\/div>\n<\/div>\n<div class=\"col-md-6 col-xs-offset-0 col-sm-offset-0 col-md-offset-0 col-lg-offset-0 col-xs-pull-0 col-sm-pull-0 col-md-pull-0 col-lg-pull-0 col-xs-push-0 col-sm-push-0 col-md-push-0 col-lg-push-0\">\n<div class=\"motopress-service-box-obj motopress-service-box-centered motopress-service-box-basic\">\n<div class=\"motopress-service-box-icon-section motopress-service-box-small-icon\"  style=\" padding-left: 0px; padding-right: 0px; padding-top: 0px; padding-bottom: 0px;\">\n<div class=\"motopress-service-box-icon-holder\"  style=\" font-size: 100px;\"><img decoding=\"async\" src=\"https:\/\/satya.com.br\/wp-content\/uploads\/2016\/05\/MINETRACK.png\" \/><\/div>\n<\/div>\n<div class=\"motopress-service-box-heading-section\">\n<h2>MINETRACK<\/h2>\n<\/div>\n<div class=\"motopress-service-box-content-section\">\n<p>O sistema Minetrack \u00e9 um sistema de despacho desenvolvido especialmente para minas. Seu objetivo \u00e9 monitorar a opera\u00e7\u00e3o de uma mina, f\u00e1brica ou outro ambiente industrial, decidindo quais agentes executar\u00e3o quais opera\u00e7\u00f5es em cada local, com a finalidade de maximizar a produ\u00e7\u00e3o.<\/p>\n<\/div>\n<div class=\"motopress-service-box-button-section motopress-text-align-center\"><a href=\"http:\/\/satya.com.br\/?page_id=1401&amp;lang=pt\" class=\"motopress-btn motopress-btn-size-middle motopress-btn-rounded\" rel=\"\"  style=\" color: #000000;\">SAIBA MAIS<\/a><\/div>\n<\/div>\n<\/div>\n<\/div>\n<div class=\"row row-edge  \" >\n<div class=\"col-md-6 col-xs-offset-0 col-sm-offset-0 col-md-offset-0 col-lg-offset-0 col-xs-pull-0 col-sm-pull-0 col-md-pull-0 col-lg-pull-0 col-xs-push-0 col-sm-push-0 col-md-push-0 col-lg-push-0\">\n<div class=\"motopress-service-box-obj motopress-service-box-centered motopress-service-box-basic\">\n<div class=\"motopress-service-box-icon-section motopress-service-box-small-icon\"  style=\" padding-left: 0px; padding-right: 0px; padding-top: 0px; padding-bottom: 0px;\">\n<div class=\"motopress-service-box-icon-holder\"  style=\" font-size: 46px;\"><i class=\"fa fa-leaf mp-text-color-green-grass\" ><\/i><\/div>\n<\/div>\n<div class=\"motopress-service-box-heading-section\">\n<h2>SISAMB<\/h2>\n<\/div>\n<div class=\"motopress-service-box-content-section\">\n<p>O sistema SISAMB \u00e9 um sistema eletr\u00f4nico de gerenciamento de dados elaborado especificamente para a gest\u00e3o ambiental empresarial desenvolvido a partir da experi\u00eancia de bi\u00f3logas especializadas em gest\u00e3o ambiental e profissionais de inform\u00e1tica com a finalidade de tornar a gest\u00e3o ambiental na empresa transparente e \u00e1gil.<\/p>\n<\/div>\n<div class=\"motopress-service-box-button-section motopress-text-align-center\"><a href=\"http:\/\/sisamb.com.br\/\" class=\"motopress-btn motopress-btn-size-middle motopress-btn-rounded\" rel=\"\"  style=\" background-color: #ffffff; color: #000000;\">SAIBA MAIS<\/a><\/div>\n<\/div>\n<\/div>\n<div class=\"col-md-6 col-xs-offset-0 col-sm-offset-0 col-md-offset-0 col-lg-offset-0 col-xs-pull-0 col-sm-pull-0 col-md-pull-0 col-lg-pull-0 col-xs-push-0 col-sm-push-0 col-md-push-0 col-lg-push-0\">\n<div class=\"motopress-service-box-obj motopress-service-box-centered motopress-service-box-basic\">\n<div class=\"motopress-service-box-icon-section motopress-service-box-small-icon\"  style=\" padding-left: 0px; padding-right: 0px; padding-top: 0px; padding-bottom: 0px;\">\n<div class=\"motopress-service-box-icon-holder\"  style=\" font-size: 72px;\"><img decoding=\"async\" src=\"https:\/\/satya.com.br\/wp-content\/uploads\/2016\/05\/microscope_icon-icons.com_56342-1.png\" \/><\/div>\n<\/div>\n<div class=\"motopress-service-box-heading-section\">\n<h2>FLUX BPL<\/h2>\n<\/div>\n<div class=\"motopress-service-box-content-section\">\n<p>Flux-BPL \u00e9 um um sistema com um pacote de formul\u00e1rios desenvolvidos com a finalidade de auxiliar laborat\u00f3rios na ades\u00e3o e reconhecimento aos princ\u00edpios de Boas Pr\u00e1ticas de Laborat\u00f3rio (BPL). Os sistemas foram desenvolvidos em parceria com o INMETRO e com o aux\u00edlio de consultores da UFMG e UFF e s\u00e3o extensivos a diversos tipos de laborat\u00f3rios.<\/p>\n<\/div>\n<div class=\"motopress-service-box-button-section motopress-text-align-center\"><a href=\"http:\/\/satya.com.br\/?page_id=1395&amp;lang=pt\" class=\"motopress-btn motopress-btn-size-middle motopress-btn-rounded\" rel=\"\"  style=\" color: #000000;\">SAIBA MAIS<\/a><\/div>\n<\/div>\n<\/div>\n<\/div>\n<div class=\"row row-edge  \" >\n<div class=\"col-md-3  motopress-empty mp-hidden-phone motopress-empty mp-hidden-phone motopress-empty mp-hidden-phone motopress-empty mp-hidden-phone motopress-empty mp-hidden-phone\">\n<\/div>\n<div class=\"col-md-6 col-xs-offset-0 col-sm-offset-0 col-md-offset-0 col-lg-offset-0 col-xs-pull-0 col-sm-pull-0 col-md-pull-0 col-lg-pull-0 col-xs-push-0 col-sm-push-0 col-md-push-0 col-lg-push-0\">\n<div class=\"motopress-service-box-obj motopress-service-box-centered motopress-service-box-basic\">\n<div class=\"motopress-service-box-icon-section motopress-service-box-small-icon\"  style=\" padding-left: 0px; padding-right: 0px; padding-top: 0px; padding-bottom: 0px;\">\n<div class=\"motopress-service-box-icon-holder\"  style=\" font-size: 87px;\"><img decoding=\"async\" src=\"https:\/\/satya.com.br\/wp-content\/uploads\/2017\/12\/seringa.png\" \/><\/div>\n<\/div>\n<div class=\"motopress-service-box-heading-section\">\n<h2>FLUX MED<\/h2>\n<\/div>\n<div class=\"motopress-service-box-content-section\">\n<p>FluxMED \u00e9 um sistema integrado de ger\u00eancia de dados m\u00e9dicos destinado a guardar informa\u00e7\u00f5es do paciente e do tratamento, que permite a adi\u00e7\u00e3o de imagens e resultados de exames e auxilia na defini\u00e7\u00e3o do diagn\u00f3stico. O FluxMED possui controle de acesso e permite acesso aos dados do paciente com as limita\u00e7\u00f5es impostas pelo respons\u00e1vel principal ou pelo pr\u00f3prio paciente.<\/p>\n<\/div>\n<div class=\"motopress-service-box-button-section motopress-text-align-center\"><a href=\"http:\/\/satya.com.br\/?page_id=1590&amp;lang=pt\" class=\"motopress-btn motopress-btn-size-middle motopress-btn-rounded\" rel=\"\"  style=\" background-color: #ffffff; color: #000000;\">SAIBA MAIS <\/a><\/div>\n<\/div>\n<\/div>\n<div class=\"col-md-3  motopress-empty mp-hidden-phone motopress-empty mp-hidden-phone motopress-empty mp-hidden-phone motopress-empty mp-hidden-phone motopress-empty mp-hidden-phone\">\n<\/div>\n<\/div>\n<div class=\"row row-edge  \" >\n<div class=\"col-md-12 col-xs-offset-0 col-sm-offset-0 col-md-offset-0 col-lg-offset-0 col-xs-pull-0 col-sm-pull-0 col-md-pull-0 col-lg-pull-0 col-xs-push-0 col-sm-push-0 col-md-push-0 col-lg-push-0\">\n<div class=\"title-box  motopress-margin-top-50 title_box-442\"><div class=\"title-box_content\"><h2 class=\"title-box_title\">Clientes &amp; Parceiros<\/h2><\/div><\/div>\n<\/div>\n<\/div>\n<div class=\"row row-edge  \" >\n<div class=\"col-md-12 col-xs-offset-0 col-sm-offset-0 col-md-offset-0 col-lg-offset-0 col-xs-pull-0 col-sm-pull-0 col-md-pull-0 col-lg-pull-0 col-xs-push-0 col-sm-push-0 col-md-push-0 col-lg-push-0\">\n<div class=\"motopress-grid-gallery-obj motopress-grid-gallery-obj-basic motopress-grid-gallery-need-recalc\" id=\"6a0448c412d05\">\n<div class=\"mp-row-fluid\">\n<div class=\"mp-span2\"><img decoding=\"async\" src=\"https:\/\/satya.com.br\/wp-content\/uploads\/2016\/05\/logo_embrapa-150x150.png\" title=\"logo_embrapa\" alt=\"logo_embrapa\" \/><\/div>\n<div class=\"mp-span2\"><img decoding=\"async\" src=\"https:\/\/satya.com.br\/wp-content\/uploads\/2016\/05\/logo_fiocruz-150x150.png\" title=\"logo_fiocruz\" alt=\"logo_fiocruz\" \/><\/div>\n<div class=\"mp-span2\"><img decoding=\"async\" src=\"https:\/\/satya.com.br\/wp-content\/uploads\/2016\/05\/logo_funed-150x150.png\" title=\"logo_funed\" alt=\"logo_funed\" \/><\/div>\n<div class=\"mp-span2\"><img decoding=\"async\" src=\"https:\/\/satya.com.br\/wp-content\/uploads\/2016\/05\/logo_hospital-das-clinicas-150x150.png\" title=\"logo_hospital das clinicas\" alt=\"logo_hospital das clinicas\" \/><\/div>\n<div class=\"mp-span2\"><img decoding=\"async\" src=\"https:\/\/satya.com.br\/wp-content\/uploads\/2016\/05\/logo_inmetro-150x150.png\" title=\"logo_inmetro\" alt=\"logo_inmetro\" \/><\/div>\n<div class=\"mp-span2\"><img decoding=\"async\" src=\"https:\/\/satya.com.br\/wp-content\/uploads\/2016\/05\/logo_jacto-150x150.png\" title=\"logo_jacto\" alt=\"logo_jacto\" \/><\/div>\n<\/div>\n<div class=\"mp-row-fluid\">\n<div class=\"mp-span2\"><img decoding=\"async\" src=\"https:\/\/satya.com.br\/wp-content\/uploads\/2016\/05\/logo_seva-150x150.png\" title=\"logo_seva\" alt=\"logo_seva\" \/><\/div>\n<div class=\"mp-span2\"><img decoding=\"async\" src=\"https:\/\/satya.com.br\/wp-content\/uploads\/2016\/05\/logo_celer-150x150.png\" title=\"logo_celer\" alt=\"logo_celer\" \/><\/div>\n<div class=\"mp-span2\"><img decoding=\"async\" src=\"https:\/\/satya.com.br\/wp-content\/uploads\/2016\/05\/In-Vitro-Logo.png\" title=\"In Vitro Logo\" alt=\"In Vitro Logo\" \/><\/div>\n<div class=\"mp-span2\"><img decoding=\"async\" src=\"https:\/\/satya.com.br\/wp-content\/uploads\/2016\/05\/Logo-Anbiotec.png\" title=\"Logo Anbiotec\" alt=\"Logo Anbiotec\" \/><\/div>\n<\/div>\n<p class=\"motopress-hide-script\"><script>jQuery(function(){\n                mpRecalcGridGalleryMargins(jQuery('#6a0448c412d05'));\n            });<\/script><\/p>\n<\/div>\n<\/div>\n<\/div>\n<div class=\"row row-edge  \" >\n<div class=\"col-md-12 col-xs-offset-0 col-sm-offset-0 col-md-offset-0 col-lg-offset-0 col-xs-pull-0 col-sm-pull-0 col-md-pull-0 col-lg-pull-0 col-xs-push-0 col-sm-push-0 col-md-push-0 col-lg-push-0\">\n<p>&nbsp;<\/p>\n<div class=\"row row-edge  \" ><\/div>\n<div class=\"col-md-12 col-xs-offset-0 col-sm-offset-0 col-md-offset-0 col-lg-offset-0 col-xs-pull-0 col-sm-pull-0 col-md-pull-0 col-lg-pull-0 col-xs-push-0 col-sm-push-0 col-md-push-0 col-lg-push-0\"><\/div>\n<\/div>\n<\/div>\n","protected":false},"excerpt":{"rendered":"","protected":false},"author":1,"featured_media":0,"parent":0,"menu_order":0,"comment_status":"closed","ping_status":"closed","template":"","meta":{"footnotes":""},"class_list":["post-221","page","type-page","status-publish","hentry"],"_links":{"self":[{"href":"https:\/\/satya.com.br\/index.php?rest_route=\/wp\/v2\/pages\/221","targetHints":{"allow":["GET"]}}],"collection":[{"href":"https:\/\/satya.com.br\/index.php?rest_route=\/wp\/v2\/pages"}],"about":[{"href":"https:\/\/satya.com.br\/index.php?rest_route=\/wp\/v2\/types\/page"}],"author":[{"embeddable":true,"href":"https:\/\/satya.com.br\/index.php?rest_route=\/wp\/v2\/users\/1"}],"replies":[{"embeddable":true,"href":"https:\/\/satya.com.br\/index.php?rest_route=%2Fwp%2Fv2%2Fcomments&post=221"}],"version-history":[{"count":75,"href":"https:\/\/satya.com.br\/index.php?rest_route=\/wp\/v2\/pages\/221\/revisions"}],"predecessor-version":[{"id":1622,"href":"https:\/\/satya.com.br\/index.php?rest_route=\/wp\/v2\/pages\/221\/revisions\/1622"}],"wp:attachment":[{"href":"https:\/\/satya.com.br\/index.php?rest_route=%2Fwp%2Fv2%2Fmedia&parent=221"}],"curies":[{"name":"wp","href":"https:\/\/api.w.org\/{rel}","templated":true}]}}