{"id":446,"date":"2016-05-25T17:10:40","date_gmt":"2016-05-25T20:10:40","guid":{"rendered":"http:\/\/satya.com.br\/?page_id=446"},"modified":"2024-04-30T11:53:20","modified_gmt":"2024-04-30T14:53:20","slug":"contato","status":"publish","type":"page","link":"https:\/\/satya.com.br\/?page_id=446&lang=pt","title":{"rendered":"Contato"},"content":{"rendered":"<div class=\"row row-edge  \" >\n<div class=\"col-md-12 col-xs-offset-0 col-sm-offset-0 col-md-offset-0 col-lg-offset-0 col-xs-pull-0 col-sm-pull-0 col-md-pull-0 col-lg-pull-0 col-xs-push-0 col-sm-push-0 col-md-push-0 col-lg-push-0\">\n<div class=\"row row-edge  \" >\n<div class=\"col-md-12 col-xs-offset-0 col-sm-offset-0 col-md-offset-0 col-lg-offset-0 col-xs-pull-0 col-sm-pull-0 col-md-pull-0 col-lg-pull-0 col-xs-push-0 col-sm-push-0 col-md-push-0 col-lg-push-0\">\n<div class=\"motopress-text-obj\">\n<p align=\"justify\">A <strong>Satya<\/strong> \u00e9 situada na cidade de <strong>Belo Horizonte<\/strong>, fazendo da cidade seu marco para extens\u00e3o nacional de atua\u00e7\u00e3o. Entre em contato conosco por e-mail ou pelos telefones abaixo.<\/p>\n<\/div>\n<\/div>\n<\/div>\n<div class=\"row row-edge  \" >\n<div class=\"col-md-12 col-xs-offset-0 col-sm-offset-0 col-md-offset-0 col-lg-offset-0 col-xs-pull-0 col-sm-pull-0 col-md-pull-0 col-lg-pull-0 col-xs-push-0 col-sm-push-0 col-md-push-0 col-lg-push-0\">\n<div class=\"cherry-hr   hr-943\"><\/div>\n<\/div>\n<\/div>\n<div class=\"row row-edge  \" >\n<div class=\"col-md-12 col-xs-offset-0 col-sm-offset-0 col-md-offset-0 col-lg-offset-0 col-xs-pull-0 col-sm-pull-0 col-md-pull-0 col-lg-pull-0 col-xs-push-0 col-sm-push-0 col-md-push-0 col-lg-push-0\">\n<div class=\"motopress-code-obj\">\n\n<div class=\"wpcf7 no-js\" id=\"wpcf7-f36-o1\" lang=\"en-US\" dir=\"ltr\" data-wpcf7-id=\"36\">\n<div class=\"screen-reader-response\"><p role=\"status\" aria-live=\"polite\" aria-atomic=\"true\"><\/p> <ul><\/ul><\/div>\n<form action=\"\/index.php?rest_route=%2Fwp%2Fv2%2Fpages%2F446#wpcf7-f36-o1\" method=\"post\" class=\"wpcf7-form init\" aria-label=\"Contact form\" novalidate=\"novalidate\" data-status=\"init\">\n<fieldset class=\"hidden-fields-container\"><input type=\"hidden\" name=\"_wpcf7\" value=\"36\" \/><input type=\"hidden\" name=\"_wpcf7_version\" value=\"6.1.5\" \/><input type=\"hidden\" name=\"_wpcf7_locale\" value=\"en_US\" \/><input type=\"hidden\" name=\"_wpcf7_unit_tag\" value=\"wpcf7-f36-o1\" \/><input type=\"hidden\" name=\"_wpcf7_container_post\" value=\"0\" \/><input type=\"hidden\" name=\"_wpcf7_posted_data_hash\" value=\"\" \/><input type=\"hidden\" name=\"_wpcf7_recaptcha_response\" value=\"\" \/>\n<\/fieldset>\n<p>Nome\n<\/p>\n<p><span class=\"wpcf7-form-control-wrap\" data-name=\"your-name\"><input size=\"40\" maxlength=\"400\" class=\"wpcf7-form-control wpcf7-text wpcf7-validates-as-required\" aria-required=\"true\" aria-invalid=\"false\" value=\"\" type=\"text\" name=\"your-name\" \/><\/span>\n<\/p>\n<p>Email\n<\/p>\n<p><span class=\"wpcf7-form-control-wrap\" data-name=\"your-email\"><input size=\"40\" maxlength=\"400\" class=\"wpcf7-form-control wpcf7-email wpcf7-validates-as-required wpcf7-text wpcf7-validates-as-email\" aria-required=\"true\" aria-invalid=\"false\" value=\"\" type=\"email\" name=\"your-email\" \/><\/span>\n<\/p>\n<p>Assunto\n<\/p>\n<p><span class=\"wpcf7-form-control-wrap\" data-name=\"your-subject\"><input size=\"40\" maxlength=\"400\" class=\"wpcf7-form-control wpcf7-text\" aria-invalid=\"false\" value=\"\" type=\"text\" name=\"your-subject\" \/><\/span>\n<\/p>\n<p>Mensagem\n<\/p>\n<p><span class=\"wpcf7-form-control-wrap\" data-name=\"your-message\"><textarea cols=\"40\" rows=\"10\" maxlength=\"2000\" class=\"wpcf7-form-control wpcf7-textarea\" aria-invalid=\"false\" name=\"your-message\"><\/textarea><\/span>\n<\/p>\n<p><input class=\"wpcf7-form-control wpcf7-submit has-spinner\" type=\"submit\" value=\"Enviar\" \/>\n<\/p><p style=\"display: none !important;\" class=\"akismet-fields-container\" data-prefix=\"_wpcf7_ak_\"><label>&#916;<textarea name=\"_wpcf7_ak_hp_textarea\" cols=\"45\" rows=\"8\" maxlength=\"100\"><\/textarea><\/label><input type=\"hidden\" id=\"ak_js_1\" name=\"_wpcf7_ak_js\" value=\"78\"\/><script>document.getElementById( \"ak_js_1\" ).setAttribute( \"value\", ( new Date() ).getTime() );<\/script><\/p><div class=\"wpcf7-response-output\" aria-hidden=\"true\"><\/div>\n<\/form>\n<\/div>\n\n<\/div>\n<\/div>\n<\/div>\n<div class=\"row row-edge  \" >\n<div class=\"col-md-12 col-xs-offset-0 col-sm-offset-0 col-md-offset-0 col-lg-offset-0 col-xs-pull-0 col-sm-pull-0 col-md-pull-0 col-lg-pull-0 col-xs-push-0 col-sm-push-0 col-md-push-0 col-lg-push-0\">\n<div class=\"cherry-hr   hr-584\"><\/div>\n<\/div>\n<\/div>\n<\/div>\n<\/div>\n<div class=\"row row-edge  \" >\n<div class=\"col-md-4 col-xs-offset-0 col-sm-offset-0 col-md-offset-0 col-lg-offset-0 col-xs-pull-0 col-sm-pull-0 col-md-pull-0 col-lg-pull-0 col-xs-push-0 col-sm-push-0 col-md-push-0 col-lg-push-0\">\n<div class=\"motopress-service-box-obj motopress-service-box-centered motopress-service-box-basic\">\n<div class=\"motopress-service-box-icon-section motopress-service-box-small-icon\"  style=\" padding-left: 0px; padding-right: 0px; padding-top: 0px; padding-bottom: 0px;\">\n<div class=\"motopress-service-box-icon-holder\"  style=\" font-size: 80px;\"><i class=\"fa fa-home mp-text-color-red\" ><\/i><\/div>\n<\/div>\n<div class=\"motopress-service-box-heading-section\">\n<h2>Endere\u00e7o<\/h2>\n<\/div>\n<div class=\"motopress-service-box-content-section\">\n<p style=\"text-align: center;\">Rua Duarte da Costa, 233 &#8211;\u00a0Apto.: 201<\/p>\n<p style=\"text-align: center;\">Belo Horizonte<\/p>\n<p style=\"text-align: center;\">MG 31270-170<\/p>\n<\/div>\n<\/div>\n<\/div>\n<div class=\"col-md-4 col-xs-offset-0 col-sm-offset-0 col-md-offset-0 col-lg-offset-0 col-xs-pull-0 col-sm-pull-0 col-md-pull-0 col-lg-pull-0 col-xs-push-0 col-sm-push-0 col-md-push-0 col-lg-push-0\">\n<div class=\"motopress-service-box-obj motopress-service-box-centered motopress-service-box-basic\">\n<div class=\"motopress-service-box-icon-section motopress-service-box-small-icon\"  style=\" padding-left: 0px; padding-right: 0px; padding-top: 0px; padding-bottom: 0px;\">\n<div class=\"motopress-service-box-icon-holder\"  style=\" font-size: 80px;\"><i class=\"fa fa-phone mp-text-color-red\" ><\/i><\/div>\n<\/div>\n<div class=\"motopress-service-box-heading-section\">\n<h2>Telefones<\/h2>\n<\/div>\n<div class=\"motopress-service-box-content-section\">\n<p>31 9 8327-1564<\/p>\n<p>31 9 9449-8238<\/p>\n<\/div>\n<\/div>\n<\/div>\n<div class=\"col-md-4 col-xs-offset-0 col-sm-offset-0 col-md-offset-0 col-lg-offset-0 col-xs-pull-0 col-sm-pull-0 col-md-pull-0 col-lg-pull-0 col-xs-push-0 col-sm-push-0 col-md-push-0 col-lg-push-0\">\n<div class=\"motopress-service-box-obj motopress-service-box-centered motopress-service-box-basic\">\n<div class=\"motopress-service-box-icon-section motopress-service-box-small-icon\"  style=\" padding-left: 0px; padding-right: 0px; padding-top: 0px; padding-bottom: 0px;\">\n<div class=\"motopress-service-box-icon-holder\"  style=\" font-size: 80px;\"><i class=\"fa fa-envelope-square mp-text-color-red\" ><\/i><\/div>\n<\/div>\n<div class=\"motopress-service-box-heading-section\">\n<h2>E-mail<\/h2>\n<\/div>\n<div class=\"motopress-service-box-content-section\">\n<p>alessa@satyasistemas.com.br<\/p>\n<p>vinicius@satyasistemas.com.br<\/p>\n<\/div>\n<\/div>\n<\/div>\n<\/div>\n<div class=\"row row-edge  \" >\n<div class=\"col-md-12 col-xs-offset-0 col-sm-offset-0 col-md-offset-0 col-lg-offset-0 col-xs-pull-0 col-sm-pull-0 col-md-pull-0 col-lg-pull-0 col-xs-push-0 col-sm-push-0 col-md-push-0 col-lg-push-0\">\n<div class=\"cherry-hr   hr-119\"><\/div>\n<\/div>\n<\/div>\n","protected":false},"excerpt":{"rendered":"","protected":false},"author":1,"featured_media":0,"parent":0,"menu_order":0,"comment_status":"closed","ping_status":"closed","template":"","meta":{"footnotes":""},"class_list":["post-446","page","type-page","status-publish","hentry"],"_links":{"self":[{"href":"https:\/\/satya.com.br\/index.php?rest_route=\/wp\/v2\/pages\/446","targetHints":{"allow":["GET"]}}],"collection":[{"href":"https:\/\/satya.com.br\/index.php?rest_route=\/wp\/v2\/pages"}],"about":[{"href":"https:\/\/satya.com.br\/index.php?rest_route=\/wp\/v2\/types\/page"}],"author":[{"embeddable":true,"href":"https:\/\/satya.com.br\/index.php?rest_route=\/wp\/v2\/users\/1"}],"replies":[{"embeddable":true,"href":"https:\/\/satya.com.br\/index.php?rest_route=%2Fwp%2Fv2%2Fcomments&post=446"}],"version-history":[{"count":10,"href":"https:\/\/satya.com.br\/index.php?rest_route=\/wp\/v2\/pages\/446\/revisions"}],"predecessor-version":[{"id":1636,"href":"https:\/\/satya.com.br\/index.php?rest_route=\/wp\/v2\/pages\/446\/revisions\/1636"}],"wp:attachment":[{"href":"https:\/\/satya.com.br\/index.php?rest_route=%2Fwp%2Fv2%2Fmedia&parent=446"}],"curies":[{"name":"wp","href":"https:\/\/api.w.org\/{rel}","templated":true}]}}