{"id":491,"date":"2016-05-30T16:05:22","date_gmt":"2016-05-30T19:05:22","guid":{"rendered":"http:\/\/satya.com.br\/?page_id=491"},"modified":"2017-08-31T17:39:30","modified_gmt":"2017-08-31T20:39:30","slug":"sisamb-sistema-computacional-de-gestao-ambiental","status":"publish","type":"page","link":"https:\/\/satya.com.br\/?page_id=491&lang=pt","title":{"rendered":"SISAMB \u2013 Sistema Computacional de Gest\u00e3o Ambiental"},"content":{"rendered":"<p lang=\"en-US\" align=\"justify\">O sistema <strong>SISAMB<\/strong> \u00e9 um sistema eletr\u00f4nico de gerenciamento de dados elaborado especificamente para a gest\u00e3o ambiental empresarial. Ele foi desenvolvido a partir da experi\u00eancia de bi\u00f3logas especializadas em gest\u00e3o ambiental e profissionais de inform\u00e1tica com a finalidade de tornar a gest\u00e3o ambiental na empresa transparente e \u00e1gil. O <b>SISAMB<\/b> funciona como uma ferramenta organizacional e facilitadora para a forma\u00e7\u00e3o dos processos de licen\u00e7as e autoriza\u00e7\u00f5es ambientais cab\u00edveis para as diversas atividades como agrossilvopastoris, da ind\u00fastria, de servi\u00e7os, de infraestrutura, de energia e transporte, urbana e minera\u00e7\u00e3o, bem como aquelas relacionadas ao uso de recursos h\u00eddricos.<\/p>\n<p>Os principais objetivos do <b>SISAMB<\/b> s\u00e3o:<\/p>\n<ul>\n<li>Tornar mais eficiente e \u00e1gil a gest\u00e3o ambiental da empresa.<\/li>\n<li>Atender as pol\u00edticas ambientais das esferas federais, estaduais e municipais.<\/li>\n<li>Concentrar todos os dados e informa\u00e7\u00f5es produzidas pela empresa relacionadas \u00e0 gest\u00e3o ambiental.<\/li>\n<li>Auxiliar no cumprimento da pol\u00edtica ambiental da empresa.<\/li>\n<\/ul>\n<p><b>Caracter\u00edsticas e benef\u00edcios do SISAMB<\/b><\/p>\n<ul>\n<li>Concentra\u00e7\u00e3o de todas as informa\u00e7\u00f5es relativas a gest\u00e3o ambiental em um s\u00f3 sistema.<\/li>\n<li>Acesso e manipula\u00e7\u00e3o f\u00e1cil por navegador <i>web<\/i> de qualquer computador ou tablet.<\/li>\n<li>Interface amig\u00e1vel, de f\u00e1cil utiliza\u00e7\u00e3o.<\/li>\n<li>Alimenta\u00e7\u00e3o e armazenamento de todos os documentos relativos a gest\u00e3o ambiental ap\u00f3s serem escaneados.<\/li>\n<li>Recupera\u00e7\u00e3o f\u00e1cil de documentos e visualiza\u00e7\u00e3o dos mesmos atrav\u00e9s de <i>downloads<\/i>.<\/li>\n<li>Levantamento de qualquer informa\u00e7\u00e3o relativa a gest\u00e3o ambiental da empresa com agilidade: consulta direta na tela.<\/li>\n<li>Alertas para cumprimentos dos prazos de vencimentos ou tarefas espec\u00edficas.<\/li>\n<li>Minimiza\u00e7\u00e3o do tempo necess\u00e1rio para a forma\u00e7\u00e3o dos processos de licen\u00e7as e autoriza\u00e7\u00f5es ambientais.<\/li>\n<li>Otimiza\u00e7\u00e3o do tempo gasto nas atividades relacionadas a gest\u00e3o ambiental.<\/li>\n<li>Base de mem\u00f3ria ampla contendo todas as opera\u00e7\u00f5es realizadas no sistema.<\/li>\n<li>Manuten\u00e7\u00e3o permanente da situa\u00e7\u00e3o ambiental regular da empresa com rela\u00e7\u00e3o \u00e0 licen\u00e7as e outros atos autoritativos.<\/li>\n<\/ul>\n<p><img fetchpriority=\"high\" decoding=\"async\" class=\"wp-image-1475 aligncenter\" src=\"http:\/\/satya.com.br\/wp-content\/uploads\/2016\/05\/Screenshot-from-2017-08-30-10-57-11-1-300x145.png\" alt=\"\" width=\"719\" height=\"348\" srcset=\"https:\/\/satya.com.br\/wp-content\/uploads\/2016\/05\/Screenshot-from-2017-08-30-10-57-11-1-300x145.png 300w, https:\/\/satya.com.br\/wp-content\/uploads\/2016\/05\/Screenshot-from-2017-08-30-10-57-11-1-768x371.png 768w, https:\/\/satya.com.br\/wp-content\/uploads\/2016\/05\/Screenshot-from-2017-08-30-10-57-11-1-1024x494.png 1024w, https:\/\/satya.com.br\/wp-content\/uploads\/2016\/05\/Screenshot-from-2017-08-30-10-57-11-1.png 1299w\" sizes=\"(max-width: 719px) 100vw, 719px\" \/><\/p>\n<p>&nbsp;<\/p>\n<p>Para mais informa\u00e7\u00f5es:\u00a0www.sisamb.com.br<\/p>\n","protected":false},"excerpt":{"rendered":"O sistema SISAMB \u00e9 um sistema eletr\u00f4nico de gerenciamento de dados elaborado especificamente para a gest\u00e3o ambiental empresarial. Ele foi desenvolvido a partir da experi\u00eancia de bi\u00f3logas especializadas em gest\u00e3o ambiental e profissionais de inform\u00e1tica com a finalidade de tornar a gest\u00e3o ambiental na empresa transparente e \u00e1gil. O SISAMB funciona como uma ferramenta organizacional","protected":false},"author":1,"featured_media":0,"parent":0,"menu_order":0,"comment_status":"closed","ping_status":"closed","template":"","meta":{"footnotes":""},"class_list":["post-491","page","type-page","status-publish","hentry"],"_links":{"self":[{"href":"https:\/\/satya.com.br\/index.php?rest_route=\/wp\/v2\/pages\/491","targetHints":{"allow":["GET"]}}],"collection":[{"href":"https:\/\/satya.com.br\/index.php?rest_route=\/wp\/v2\/pages"}],"about":[{"href":"https:\/\/satya.com.br\/index.php?rest_route=\/wp\/v2\/types\/page"}],"author":[{"embeddable":true,"href":"https:\/\/satya.com.br\/index.php?rest_route=\/wp\/v2\/users\/1"}],"replies":[{"embeddable":true,"href":"https:\/\/satya.com.br\/index.php?rest_route=%2Fwp%2Fv2%2Fcomments&post=491"}],"version-history":[{"count":10,"href":"https:\/\/satya.com.br\/index.php?rest_route=\/wp\/v2\/pages\/491\/revisions"}],"predecessor-version":[{"id":1529,"href":"https:\/\/satya.com.br\/index.php?rest_route=\/wp\/v2\/pages\/491\/revisions\/1529"}],"wp:attachment":[{"href":"https:\/\/satya.com.br\/index.php?rest_route=%2Fwp%2Fv2%2Fmedia&parent=491"}],"curies":[{"name":"wp","href":"https:\/\/api.w.org\/{rel}","templated":true}]}}