{"id":521,"date":"2016-05-30T16:18:19","date_gmt":"2016-05-30T19:18:19","guid":{"rendered":"http:\/\/satya.com.br\/?page_id=521"},"modified":"2017-09-01T11:31:15","modified_gmt":"2017-09-01T14:31:15","slug":"flux","status":"publish","type":"page","link":"https:\/\/satya.com.br\/?page_id=521&lang=pt","title":{"rendered":"Flux"},"content":{"rendered":"<p>Entre os principais produtos da <strong>Satya Sistemas<\/strong> est\u00e1 a fam\u00edlia de LIMS chamada <strong>Flux<\/strong>. Diversas especializa\u00e7\u00f5es do sistema <strong>Flux<\/strong> existem, para gerenciar tipos de experimentos diferentes, e novas podem ser criadas rapidamente.<\/p>\n<p><img decoding=\"async\" class=\"alignnone size-medium wp-image-526 aligncenter\" src=\"http:\/\/satya.com.br\/wp-content\/uploads\/2016\/05\/shadowed_logo.png-300x125.png\" alt=\"shadowed_logo.png\" width=\"300\" height=\"125\" srcset=\"https:\/\/satya.com.br\/wp-content\/uploads\/2016\/05\/shadowed_logo.png-300x125.png 300w, https:\/\/satya.com.br\/wp-content\/uploads\/2016\/05\/shadowed_logo.png.png 512w\" sizes=\"(max-width: 300px) 100vw, 300px\" \/><\/p>\n<p>O sistema <strong>Flux<\/strong> foi projetado para permitir o gerenciamento de dados de quaisquer tipos de experimentos biol\u00f3gicos atrav\u00e9s do uso de um sistema de controle de workflows. Para o gerenciamento de dados de um novo tipo de experimento, seu fluxo de execu\u00e7\u00e3o \u00e9 definido atrav\u00e9s de um editor de workflows e \u00e9 criado um novo conjunto de telas para permitir a gest\u00e3o do novo conjunto de dados, de forma \u00e1gil e eficiente.<\/p>\n<p>Ap\u00f3s a descri\u00e7\u00e3o do workflow, o sistema <strong>Flux<\/strong> cria automaticamente toda a estrutura interna para gerenciamento dos dados e uma interface de acesso a estes. O sistema ent\u00e3o gerencia continuamente quais atividades foram executadas, quais podem ser executadas a partir do estado atual e permite o acompanhamento completo de todas as atividades do laborat\u00f3rio.<\/p>\n<p>O sistema Flux tem entre suas caracter\u00edsticas principais um sofisticado sistema de prote\u00e7\u00e3o de dados que permite ao administrador do laborat\u00f3rio definir quais usu\u00e1rios podem executar ou visualizar quais atividades, permitindo um controle completo sobre a execu\u00e7\u00e3o dos experimentos.<\/p>\n<p>A interface de acesso \u00e9 totalmente baseada em navegadores Web e pode ser acessada de qualquer computador independente da plataforma utilizada, oferecendo flexibilidade e seguran\u00e7a no acesso aos dados.<\/p>\n<p>&nbsp;<\/p>\n","protected":false},"excerpt":{"rendered":"Entre os principais produtos da Satya Sistemas est\u00e1 a fam\u00edlia de LIMS chamada Flux. Diversas especializa\u00e7\u00f5es do sistema Flux existem, para gerenciar tipos de experimentos diferentes, e novas podem ser criadas rapidamente. O sistema Flux foi projetado para permitir o gerenciamento de dados de quaisquer tipos de experimentos biol\u00f3gicos atrav\u00e9s do uso de um sistema","protected":false},"author":1,"featured_media":0,"parent":0,"menu_order":0,"comment_status":"closed","ping_status":"closed","template":"","meta":{"footnotes":""},"class_list":["post-521","page","type-page","status-publish","hentry"],"_links":{"self":[{"href":"https:\/\/satya.com.br\/index.php?rest_route=\/wp\/v2\/pages\/521","targetHints":{"allow":["GET"]}}],"collection":[{"href":"https:\/\/satya.com.br\/index.php?rest_route=\/wp\/v2\/pages"}],"about":[{"href":"https:\/\/satya.com.br\/index.php?rest_route=\/wp\/v2\/types\/page"}],"author":[{"embeddable":true,"href":"https:\/\/satya.com.br\/index.php?rest_route=\/wp\/v2\/users\/1"}],"replies":[{"embeddable":true,"href":"https:\/\/satya.com.br\/index.php?rest_route=%2Fwp%2Fv2%2Fcomments&post=521"}],"version-history":[{"count":8,"href":"https:\/\/satya.com.br\/index.php?rest_route=\/wp\/v2\/pages\/521\/revisions"}],"predecessor-version":[{"id":1552,"href":"https:\/\/satya.com.br\/index.php?rest_route=\/wp\/v2\/pages\/521\/revisions\/1552"}],"wp:attachment":[{"href":"https:\/\/satya.com.br\/index.php?rest_route=%2Fwp%2Fv2%2Fmedia&parent=521"}],"curies":[{"name":"wp","href":"https:\/\/api.w.org\/{rel}","templated":true}]}}