{"id":571,"date":"2016-05-30T16:48:44","date_gmt":"2016-05-30T19:48:44","guid":{"rendered":"http:\/\/satya.com.br\/?page_id=571"},"modified":"2017-08-31T16:06:40","modified_gmt":"2017-08-31T19:06:40","slug":"flux-proteomica","status":"publish","type":"page","link":"https:\/\/satya.com.br\/?page_id=571&lang=pt","title":{"rendered":"Flux Prote\u00f4mica"},"content":{"rendered":"<p align=\"justify\"><strong>Flux Prote\u00f4mica<\/strong> \u00e9 um sistema integrado de ger\u00eancia de dados de experimentos de prote\u00f4mica. O sistema permite o armazenamento e gerenciamento de dados desde a prepara\u00e7\u00e3o da amostra at\u00e9 a an\u00e1lise dos resultados. Experimentos de eletroforese bi-dimensional, cromatografia e espectrometria de massa s\u00e3o gerenciados. O FluxProte\u00f4mica armazena o relacionamento causal entre os experimentos, permitindo ao pesquisador identificar quais experimentos s\u00e3o relacionados a quais outros, simplificando o processo de rastreamento e controle de erros experimentais. O <b>Flux Prote\u00f4mica<\/b> tamb\u00e9m permite a conex\u00e3o do sistema com bancos de dados online e programas de an\u00e1lise para simplificar a identifica\u00e7\u00e3o das prote\u00ednas.<\/p>\n","protected":false},"excerpt":{"rendered":"Flux Prote\u00f4mica \u00e9 um sistema integrado de ger\u00eancia de dados de experimentos de prote\u00f4mica. O sistema permite o armazenamento e gerenciamento de dados desde a prepara\u00e7\u00e3o da amostra at\u00e9 a an\u00e1lise dos resultados. Experimentos de eletroforese bi-dimensional, cromatografia e espectrometria de massa s\u00e3o gerenciados. O FluxProte\u00f4mica armazena o relacionamento causal entre os experimentos, permitindo ao","protected":false},"author":1,"featured_media":0,"parent":521,"menu_order":0,"comment_status":"closed","ping_status":"closed","template":"","meta":{"footnotes":""},"class_list":["post-571","page","type-page","status-publish","hentry"],"_links":{"self":[{"href":"https:\/\/satya.com.br\/index.php?rest_route=\/wp\/v2\/pages\/571","targetHints":{"allow":["GET"]}}],"collection":[{"href":"https:\/\/satya.com.br\/index.php?rest_route=\/wp\/v2\/pages"}],"about":[{"href":"https:\/\/satya.com.br\/index.php?rest_route=\/wp\/v2\/types\/page"}],"author":[{"embeddable":true,"href":"https:\/\/satya.com.br\/index.php?rest_route=\/wp\/v2\/users\/1"}],"replies":[{"embeddable":true,"href":"https:\/\/satya.com.br\/index.php?rest_route=%2Fwp%2Fv2%2Fcomments&post=571"}],"version-history":[{"count":5,"href":"https:\/\/satya.com.br\/index.php?rest_route=\/wp\/v2\/pages\/571\/revisions"}],"predecessor-version":[{"id":1516,"href":"https:\/\/satya.com.br\/index.php?rest_route=\/wp\/v2\/pages\/571\/revisions\/1516"}],"up":[{"embeddable":true,"href":"https:\/\/satya.com.br\/index.php?rest_route=\/wp\/v2\/pages\/521"}],"wp:attachment":[{"href":"https:\/\/satya.com.br\/index.php?rest_route=%2Fwp%2Fv2%2Fmedia&parent=571"}],"curies":[{"name":"wp","href":"https:\/\/api.w.org\/{rel}","templated":true}]}}