{"id":626,"date":"2016-05-30T16:51:58","date_gmt":"2016-05-30T19:51:58","guid":{"rendered":"http:\/\/satya.com.br\/?page_id=626"},"modified":"2017-08-31T18:37:46","modified_gmt":"2017-08-31T21:37:46","slug":"meu-flux","status":"publish","type":"page","link":"https:\/\/satya.com.br\/?page_id=626&lang=pt","title":{"rendered":"Meu Flux"},"content":{"rendered":"<p lang=\"en-US\" align=\"justify\"><strong>Meu Flux<\/strong> \u00e9 como chamamos a possibilidade de desenvolvermos uma nova vers\u00e3o do <b>Flux<\/b><sup><span style=\"font-family: 'Liberation Serif', serif;\"><b>\u00ae<\/b><\/span><\/sup> totalmente customizada para seu laborat\u00f3rio ou processo. Devido a estrutura flex\u00edvel do sistema <b>Flux<\/b><sup><span style=\"font-family: 'Liberation Serif', serif;\"><b>\u00ae<\/b><\/span><\/sup> o desenvolvimento de um novo sistema para ger\u00eancia de dados \u00e9 r\u00e1pido e de custo acess\u00edvel. Este desenvolvimento se inicia com a defini\u00e7\u00e3o de quais dados e quais atributos existem no seu laborat\u00f3rio, e ent\u00e3o o fluxo de tarefas \u00e9 definido. O seu sistema <b>Flux<\/b><sup><span style=\"font-family: 'Liberation Serif', serif;\"><b>\u00ae<\/b><\/span><\/sup> customizado \u00e9 ent\u00e3o criado automaticamente e em pouco tempo voc\u00ea j\u00e1 pode estar usando-o e aumentando a efici\u00eancia do seu trabalho.<\/p>\n","protected":false},"excerpt":{"rendered":"Meu Flux \u00e9 como chamamos a possibilidade de desenvolvermos uma nova vers\u00e3o do Flux\u00ae totalmente customizada para seu laborat\u00f3rio ou processo. Devido a estrutura flex\u00edvel do sistema Flux\u00ae o desenvolvimento de um novo sistema para ger\u00eancia de dados \u00e9 r\u00e1pido e de custo acess\u00edvel. Este desenvolvimento se inicia com a defini\u00e7\u00e3o de quais dados e","protected":false},"author":1,"featured_media":0,"parent":521,"menu_order":0,"comment_status":"closed","ping_status":"closed","template":"","meta":{"footnotes":""},"class_list":["post-626","page","type-page","status-publish","hentry"],"_links":{"self":[{"href":"https:\/\/satya.com.br\/index.php?rest_route=\/wp\/v2\/pages\/626","targetHints":{"allow":["GET"]}}],"collection":[{"href":"https:\/\/satya.com.br\/index.php?rest_route=\/wp\/v2\/pages"}],"about":[{"href":"https:\/\/satya.com.br\/index.php?rest_route=\/wp\/v2\/types\/page"}],"author":[{"embeddable":true,"href":"https:\/\/satya.com.br\/index.php?rest_route=\/wp\/v2\/users\/1"}],"replies":[{"embeddable":true,"href":"https:\/\/satya.com.br\/index.php?rest_route=%2Fwp%2Fv2%2Fcomments&post=626"}],"version-history":[{"count":3,"href":"https:\/\/satya.com.br\/index.php?rest_route=\/wp\/v2\/pages\/626\/revisions"}],"predecessor-version":[{"id":1541,"href":"https:\/\/satya.com.br\/index.php?rest_route=\/wp\/v2\/pages\/626\/revisions\/1541"}],"up":[{"embeddable":true,"href":"https:\/\/satya.com.br\/index.php?rest_route=\/wp\/v2\/pages\/521"}],"wp:attachment":[{"href":"https:\/\/satya.com.br\/index.php?rest_route=%2Fwp%2Fv2%2Fmedia&parent=626"}],"curies":[{"name":"wp","href":"https:\/\/api.w.org\/{rel}","templated":true}]}}