{"id":806,"date":"2016-06-02T13:26:50","date_gmt":"2016-06-02T16:26:50","guid":{"rendered":"http:\/\/satya.com.br\/?page_id=806"},"modified":"2017-09-01T11:29:07","modified_gmt":"2017-09-01T14:29:07","slug":"familia-flux","status":"publish","type":"page","link":"https:\/\/satya.com.br\/?page_id=806&lang=pt","title":{"rendered":"Fam\u00edlia Flux"},"content":{"rendered":"<h2>Meu Flux<\/h2>\n<p lang=\"en-US\" align=\"justify\"><strong>Meu Flux<\/strong> \u00e9 como chamamos a possibilidade de desenvolvermos uma nova vers\u00e3o do <b>Flux<\/b><sup><span style=\"font-family: Liberation Serif,serif;\"><b>\u00ae<\/b><\/span><\/sup> totalmente customizada para seu laborat\u00f3rio ou processo. Devido a estrutura flex\u00edvel do sistema <b>Flux<\/b><sup><span style=\"font-family: Liberation Serif,serif;\"><b>\u00ae<\/b><\/span><\/sup> o desenvolvimento de um novo sistema para ger\u00eancia de dados \u00e9 r\u00e1pido e de custo acess\u00edvel. Este desenvolvimento se inicia com a defini\u00e7\u00e3o de quais dados e quais atributos existem no seu laborat\u00f3rio, e ent\u00e3o o fluxo de tarefas \u00e9 definido. O seu sistema <b>Flux<\/b><sup><span style=\"font-family: Liberation Serif,serif;\"><b>\u00ae<\/b><\/span><\/sup> customizado \u00e9 ent\u00e3o criado automaticamente e em pouco tempo voc\u00ea j\u00e1 pode estar usando-o e aumentando a efici\u00eancia do seu trabalho.<\/p>\n<p>&nbsp;<\/p>\n<h2>Flux Prote\u00f4nica<\/h2>\n<p align=\"justify\"><strong>Flux Prote\u00f4mica<\/strong> \u00e9 um sistema integrado de ger\u00eancia de dados de experimentos de prote\u00f4mica. O sistema permite o armazenamento e gerenciamento de dados desde a prepara\u00e7\u00e3o da amostra at\u00e9 a an\u00e1lise dos resultados. Experimentos de eletroforese bi-dimensional, cromatografia e espectrometria de massa s\u00e3o gerenciados. O FluxProte\u00f4mica armazena o relacionamento causal entre os experimentos, permitindo ao pesquisador identificar quais experimentos s\u00e3o relacionados a quais outros, simplificando o processo de rastreamento e controle de erros experimentais. O <b>Flux Prote\u00f4mica<\/b> tamb\u00e9m permite a conex\u00e3o do sistema com bancos de dados online e programas de an\u00e1lise para simplificar a identifica\u00e7\u00e3o das prote\u00ednas.<\/p>\n<p>&nbsp;<\/p>\n<h2>Flux Transg\u00eanicos<\/h2>\n<p align=\"justify\"><strong>Flux Transg\u00eanico<\/strong><strong>s<\/strong> \u00e9 um sistema integrado de ger\u00eancia de dados de experimentos de produ\u00e7\u00e3o de organismos geneticamente modificados (OGM). O sistema apresenta uma solu\u00e7\u00e3o completa para a gest\u00e3o dos dados produzidos por laborat\u00f3rios que trabalham com OGM sendo capaz de rastrear todo o processo da produ\u00e7\u00e3o de OGMs, desde a inocula\u00e7\u00e3o das bact\u00e9rias at\u00e9 a produ\u00e7\u00e3o final do organismo de forma eficiente e compat\u00edvel com diferentes tipos de informa\u00e7\u00e3o.<\/p>\n<p>&nbsp;<\/p>\n<p>&nbsp;<\/p>\n","protected":false},"excerpt":{"rendered":"Meu Flux Meu Flux \u00e9 como chamamos a possibilidade de desenvolvermos uma nova vers\u00e3o do Flux\u00ae totalmente customizada para seu laborat\u00f3rio ou processo. Devido a estrutura flex\u00edvel do sistema Flux\u00ae o desenvolvimento de um novo sistema para ger\u00eancia de dados \u00e9 r\u00e1pido e de custo acess\u00edvel. Este desenvolvimento se inicia com a defini\u00e7\u00e3o de quais","protected":false},"author":1,"featured_media":0,"parent":521,"menu_order":0,"comment_status":"closed","ping_status":"closed","template":"","meta":{"footnotes":""},"class_list":["post-806","page","type-page","status-publish","hentry"],"_links":{"self":[{"href":"https:\/\/satya.com.br\/index.php?rest_route=\/wp\/v2\/pages\/806","targetHints":{"allow":["GET"]}}],"collection":[{"href":"https:\/\/satya.com.br\/index.php?rest_route=\/wp\/v2\/pages"}],"about":[{"href":"https:\/\/satya.com.br\/index.php?rest_route=\/wp\/v2\/types\/page"}],"author":[{"embeddable":true,"href":"https:\/\/satya.com.br\/index.php?rest_route=\/wp\/v2\/users\/1"}],"replies":[{"embeddable":true,"href":"https:\/\/satya.com.br\/index.php?rest_route=%2Fwp%2Fv2%2Fcomments&post=806"}],"version-history":[{"count":10,"href":"https:\/\/satya.com.br\/index.php?rest_route=\/wp\/v2\/pages\/806\/revisions"}],"predecessor-version":[{"id":1550,"href":"https:\/\/satya.com.br\/index.php?rest_route=\/wp\/v2\/pages\/806\/revisions\/1550"}],"up":[{"embeddable":true,"href":"https:\/\/satya.com.br\/index.php?rest_route=\/wp\/v2\/pages\/521"}],"wp:attachment":[{"href":"https:\/\/satya.com.br\/index.php?rest_route=%2Fwp%2Fv2%2Fmedia&parent=806"}],"curies":[{"name":"wp","href":"https:\/\/api.w.org\/{rel}","templated":true}]}}